{"id":97,"date":"2024-08-22T16:33:03","date_gmt":"2024-08-22T14:33:03","guid":{"rendered":"http:\/\/fundacjablogoslawionanatalia.eu\/?page_id=97"},"modified":"2026-01-24T16:50:45","modified_gmt":"2026-01-24T15:50:45","slug":"patronka","status":"publish","type":"page","link":"https:\/\/fundacjablogoslawionanatalia.eu\/?page_id=97","title":{"rendered":"Patronka"},"content":{"rendered":"\n<div class=\"wp-block-cover alignfull is-light\" style=\"min-height:600px;aspect-ratio:unset;\"><img loading=\"lazy\" decoding=\"async\" width=\"2320\" height=\"1473\" class=\"wp-block-cover__image-background wp-image-289\" alt=\"\" src=\"https:\/\/fundacjablogoslawionanatalia.eu\/wp-content\/uploads\/2024\/08\/rysunek4.jpg\" style=\"object-position:49% 56%\" data-object-fit=\"cover\" data-object-position=\"49% 56%\" srcset=\"https:\/\/fundacjablogoslawionanatalia.eu\/wp-content\/uploads\/2024\/08\/rysunek4.jpg 2320w, https:\/\/fundacjablogoslawionanatalia.eu\/wp-content\/uploads\/2024\/08\/rysunek4-300x190.jpg 300w, https:\/\/fundacjablogoslawionanatalia.eu\/wp-content\/uploads\/2024\/08\/rysunek4-1024x650.jpg 1024w, https:\/\/fundacjablogoslawionanatalia.eu\/wp-content\/uploads\/2024\/08\/rysunek4-768x488.jpg 768w, https:\/\/fundacjablogoslawionanatalia.eu\/wp-content\/uploads\/2024\/08\/rysunek4-1536x975.jpg 1536w, https:\/\/fundacjablogoslawionanatalia.eu\/wp-content\/uploads\/2024\/08\/rysunek4-2048x1300.jpg 2048w\" sizes=\"auto, (max-width: 2320px) 100vw, 2320px\" \/><span aria-hidden=\"true\" class=\"wp-block-cover__background has-background-dim-80 has-background-dim\" style=\"background-color:#b0b88f\"><\/span><div class=\"wp-block-cover__inner-container is-layout-constrained wp-block-cover-is-layout-constrained\">\n<div class=\"wp-block-columns is-layout-flex wp-container-core-columns-is-layout-9d6595d7 wp-block-columns-is-layout-flex\">\n<div class=\"wp-block-column is-vertically-aligned-center is-layout-flow wp-block-column-is-layout-flow\" style=\"flex-basis:33.33%\">\n<figure class=\"wp-block-image size-large is-resized\"><img loading=\"lazy\" decoding=\"async\" width=\"825\" height=\"1024\" src=\"https:\/\/fundacjablogoslawionanatalia.eu\/wp-content\/uploads\/2024\/08\/portrt-Naty-2-825x1024.jpg\" alt=\"\" class=\"wp-image-98\" style=\"width:316px;height:auto\" srcset=\"https:\/\/fundacjablogoslawionanatalia.eu\/wp-content\/uploads\/2024\/08\/portrt-Naty-2-825x1024.jpg 825w, https:\/\/fundacjablogoslawionanatalia.eu\/wp-content\/uploads\/2024\/08\/portrt-Naty-2-242x300.jpg 242w, https:\/\/fundacjablogoslawionanatalia.eu\/wp-content\/uploads\/2024\/08\/portrt-Naty-2-768x953.jpg 768w, https:\/\/fundacjablogoslawionanatalia.eu\/wp-content\/uploads\/2024\/08\/portrt-Naty-2-1238x1536.jpg 1238w, https:\/\/fundacjablogoslawionanatalia.eu\/wp-content\/uploads\/2024\/08\/portrt-Naty-2-1651x2048.jpg 1651w, https:\/\/fundacjablogoslawionanatalia.eu\/wp-content\/uploads\/2024\/08\/portrt-Naty-2.jpg 1879w\" sizes=\"auto, (max-width: 825px) 100vw, 825px\" \/><\/figure>\n\n\n\n<div style=\"height:0px\" aria-hidden=\"true\" class=\"wp-block-spacer\"><\/div>\n<\/div>\n\n\n\n<div class=\"wp-block-column is-vertically-aligned-center is-layout-flow wp-block-column-is-layout-flow\" style=\"flex-basis:66.66%\">\n<h1 class=\"wp-block-heading has-text-align-left has-white-color has-text-color has-link-color has-large-font-size wp-elements-121b9148187f7e3ba616229009ea9956\">B\u0142. Natalia Tu\u0142asiewicz 1906-1945<\/h1>\n\n\n\n<p class=\"has-text-align-left has-white-color has-text-color has-link-color has-medium-font-size wp-elements-b14bb034894a763d4b753977ec775866\">Polonistka, poetka, by\u0142a osob\u0105 nieprzeci\u0119tn\u0105 &#8211; entuzjastk\u0105 s\u0142owa i czynu. By\u0142a nauczycielem ch\u0142onnym wiedzy, odkrywania \u015bwiata, kochaj\u0105cym przyrod\u0119 i podr\u00f3\u017ce. Jej fascynacja kultur\u0105, sztuk\u0105 i muzyk\u0105 sz\u0142a w parze z g\u0142\u0119bokim przekonaniem o idei apostolstwa \u015bwieckich. Z zachwytem patrzy\u0142a na dzie\u0142o stworzenia i czerpa\u0142a rado\u015b\u0107 z \u017cycia, niestrudzenie oraz odwa\u017cnie poszukuj\u0105c w\u0142asnej drogi ku \u015bwi\u0119to\u015bci. W okresie II wojny \u015bwiatowej podj\u0119\u0142a si\u0119 tajnej misji wychowawczej dla m\u0142odych dziewcz\u0105t w niemieckim obozie pracy przymusowej. Za sw\u0105 dzia\u0142alno\u015b\u0107 zosta\u0142a zg\u0142adzona w obozie koncentracyjnym w Ravensbr\u00fcck.<br>Ko\u015bci\u00f3\u0142 potwierdzi\u0142 wielko\u015b\u0107 heroicznych cn\u00f3t i \u015bwi\u0119to\u015b\u0107 ofiary Natalii aktem beatyfikacyjnym 13 czerwca 1999 roku w Warszawie w czasie VI pielgrzymki Jana Paw\u0142a II do Ojczyzny. Jest jedn\u0105 z dw\u00f3ch beatyfikowanych \u015bwieckich kobiet w\u015br\u00f3d 108 m\u0119czennik\u00f3w za wiar\u0119 II Wojny \u015awiatowej. W 2022 r. og\u0142oszona zosta\u0142a tak\u017ce patronk\u0105 nauczycieli w Polsce.<\/p>\n\n\n\n<div class=\"wp-block-buttons is-layout-flex wp-block-buttons-is-layout-flex\">\n<div class=\"wp-block-button is-style-outline is-style-outline--1\"><a class=\"wp-block-button__link has-white-color has-text-color has-link-color has-small-font-size has-custom-font-size wp-element-button\" href=\"https:\/\/blogoslawionanatalia.eu\/\" style=\"text-transform:none\">www.blogoslawionanatalia.eu<\/a><\/div>\n<\/div>\n<\/div>\n<\/div>\n<\/div><\/div>\n\n\n\n<div style=\"height:30px\" aria-hidden=\"true\" class=\"wp-block-spacer\"><\/div>\n\n\n\n<h2 class=\"wp-block-heading has-text-align-center has-medium-font-size\">Cicha bohaterka historii<\/h2>\n\n\n\n<p>W czasie II wojny \u015bwiatowej w 1943 r. po przeszkoleniu Armii Krajowej, Natalia wyjecha\u0142a z misj\u0105 konspiracyjn\u0105 jako pe\u0142nomocnik wydzia\u0142u duszpasterskiego organizacji Zach\u00f3d do niemieckiego obozu pracy przymusowej &#8211; fabryki G\u00fcnter-Wagner w Hanowerze. Pracowa\u0142a tam jako tajny nauczyciel i \u015bwiecki aposto\u0142, otaczaj\u0105c opiek\u0105 moraln\u0105 m\u0142ode polskie pracownice przymusowe. S\u0142aba fizycznie, ale silna duchem, po wielu godzinach codziennej, ci\u0119\u017ckiej pracy w fabryce, realizowa\u0142a w skrajnie trudnych warunkach pos\u0142ug\u0119 religijn\u0105, spo\u0142eczn\u0105 i o\u015bwiatow\u0105. W wyniku dekonspiracji, po wizycie kuriera z Polski zosta\u0142a aresztowana. Wi\u0119ziona w Hanowerze, potem w Kolonii, by\u0142a w \u015bledztwie brutalnie torturowana. W 1944 r. odes\u0142ano j\u0105 z wyrokiem \u015bmierci do obozu koncentracyjnego w Ravensbr\u00fcck. Wycie\u0144czona przes\u0142uchaniami, gru\u017alic\u0105, g\u0142odem, nie ustawa\u0142a w swojej misji ewangelizacyjnej i edukacyjnej. W Wielki Pi\u0105tek 30 marca 1945 r. podczas selekcji w obozie zakwalifikowano Natali\u0119 do gazu. Stracona zosta\u0142a w ostatnich egzekucjach przed wyzwoleniem obozu.<\/p>\n\n\n\n<h2 class=\"wp-block-heading has-text-align-center\">Patronka nauczycieli w Polsce<\/h2>\n\n\n\n<p>19 stycznia 2022 r. Ko\u015bci\u00f3\u0142 Katolicki, na wniosek polskich \u015brodowisk nauczycielskich, dekretem Kongregacji Kultu Bo\u017cego i Dyscypliny Sakrament\u00f3w ustanowi\u0142 b\u0142. Natali\u0119 &#8211; patronk\u0105 nauczycieli w Polsce, jako tej,&nbsp;&nbsp;kt\u00f3ra \u201ez najwi\u0119kszym zapa\u0142em g\u0142osi\u0142a Chrystusa,&nbsp;<em>pragn\u0105c \u015bwi\u0119to\u015bci dla dusz wielu<\/em>\u201d. Sama o sobie pisa\u0142a: \u201eDla Boga nauczam i kszta\u0142c\u0119&#8221;. Wykorzystuj\u0105c najnowsze w\u00f3wczas metody nauczania oraz swoje zdolno\u015bci poetyckie i muzyczne, z ogromnym oddaniem kszta\u0142towa\u0142a m\u0142odzie\u017c, wpajaj\u0105c im mi\u0142o\u015b\u0107 do bli\u017aniego i Ojczyzny. Podczas swej wojennej misji jako opiekun moralny wspiera\u0142a m\u0142ode dziewcz\u0119ta, edukuj\u0105c je i staraj\u0105c si\u0119 jak sama napisa\u0142a \u201eaby wojna nie wyja\u0142owi\u0142a ich z poczucia dobra i pi\u0119kna&#8221;. Nauczyciele w Polsce otaczaj\u0105 jej posta\u0107 szczeg\u00f3lnym kultem, czerpi\u0105c inspiracj\u0119 z jej niez\u0142omnego ducha i zaanga\u017cowania.<\/p>\n\n\n\n<h2 class=\"wp-block-heading has-text-align-center\">Wz\u00f3r apostolatu \u015bwieckich. <\/h2>\n\n\n\n<p>Wrodzone zami\u0142owanie do pi\u0119kna, wra\u017cliwo\u015b\u0107 na sztuk\u0119 oraz otwarcie na warto\u015bci humanistyczne wyznaczy\u0142y \u015bcie\u017cki \u017cyciowe b\u0142. Natalii.  B\u0142yskotliwy intelekt i s\u0142owo pisane sta\u0142y si\u0119 narz\u0119dziami w realizacji jej misji. Natalia by\u0142a poetk\u0105, nauczycielem i animatorem, z natury spo\u0142ecznic\u0105, otwart\u0105 na dialog z wszystkimi lud\u017ami, w tym r\u00f3wnie\u017c z niewierz\u0105cymi. Z dala od nacjonalistycznych czy rasowych klasyfikacji, poprzez \u015bwieckie aspekty \u017cycia, nieprzeci\u0119tn\u0105 osobowo\u015b\u0107, wra\u017cliwo\u015b\u0107 oraz nieustann\u0105 prac\u0119, urzeczywistni\u0142a swoje idee ewangelizacyjne w s\u0142u\u017cbie Bogu, bli\u017aniemu i Ojczy\u017anie. M\u00f3wi\u0142a o sobie, \u017ce ma ambicj\u0119 by\u0107 \u201enowoczesn\u0105 \u015bwi\u0119t\u0105 \u2013 teocentryczn\u0105 humanistk\u0105.\u201d<\/p>\n\n\n\n<h2 class=\"wp-block-heading has-text-align-center\">Wz\u00f3r doskonalenia w\u0142asnych talent\u00f3w w postawie s\u0142u\u017cby bli\u017aniemu.<\/h2>\n\n\n\n<p>\u015awiadoma swojego potencja\u0142u intelektualnego i osobistych talent\u00f3w, kt\u00f3re przez ca\u0142e \u017cycie konsekwentnie rozwija\u0142a, Natalia odwa\u017cnie wykorzystywa\u0142a je jako narz\u0119dzia na obranej przez siebie drodze do Pana Boga. \u015awiadomie s\u0142u\u017cy\u0142a bli\u017anim: w rodzinie, w szkole i w czasie najci\u0119\u017cszej pr\u00f3by w latach wojennych jako pe\u0142nomocnik organizacji Zach\u00f3d, pe\u0142ni\u0105c rol\u0119 opiekuna moralnego w obozie pracy przymusowej w Hanowerze. Dzia\u0142a\u0142a w spos\u00f3b niezwykle kreatywny, w duchu dobra, pi\u0119kna i prawdy, w zgodzie z w\u0142asn\u0105 humanistyczn\u0105 i artystyczn\u0105 natur\u0105. Jest przyk\u0142adem tego, jak mo\u017cna w prawdziwie tw\u00f3rczy spos\u00f3b wykorzysta\u0107 sw\u00f3j osobisty potencja\u0142 dla dobra innych.<\/p>\n\n\n\n<div style=\"height:50px\" aria-hidden=\"true\" class=\"wp-block-spacer\"><\/div>\n","protected":false},"excerpt":{"rendered":"<p>Cicha bohaterka historii W czasie II wojny \u015bwiatowej w 1943 r. po przeszkoleniu Armii Krajowej, Natalia wyjecha\u0142a z misj\u0105 konspiracyjn\u0105 jako pe\u0142nomocnik wydzia\u0142u duszpasterskiego organizacji Zach\u00f3d do niemieckiego obozu pracy przymusowej &#8211; fabryki G\u00fcnter-Wagner w Hanowerze. Pracowa\u0142a tam jako tajny nauczyciel i \u015bwiecki aposto\u0142, otaczaj\u0105c opiek\u0105 moraln\u0105 m\u0142ode polskie pracownice przymusowe. S\u0142aba fizycznie, ale silna [&hellip;]<\/p>\n","protected":false},"author":1,"featured_media":0,"parent":0,"menu_order":0,"comment_status":"closed","ping_status":"closed","template":"","meta":{"ocean_post_layout":"","ocean_both_sidebars_style":"","ocean_both_sidebars_content_width":0,"ocean_both_sidebars_sidebars_width":0,"ocean_sidebar":"","ocean_second_sidebar":"","ocean_disable_margins":"on","ocean_add_body_class":"","ocean_shortcode_before_top_bar":"","ocean_shortcode_after_top_bar":"","ocean_shortcode_before_header":"","ocean_shortcode_after_header":"","ocean_has_shortcode":"","ocean_shortcode_after_title":"","ocean_shortcode_before_footer_widgets":"","ocean_shortcode_after_footer_widgets":"","ocean_shortcode_before_footer_bottom":"","ocean_shortcode_after_footer_bottom":"","ocean_display_top_bar":"default","ocean_display_header":"default","ocean_header_style":"","ocean_center_header_left_menu":"","ocean_custom_header_template":"","ocean_custom_logo":0,"ocean_custom_retina_logo":0,"ocean_custom_logo_max_width":0,"ocean_custom_logo_tablet_max_width":0,"ocean_custom_logo_mobile_max_width":0,"ocean_custom_logo_max_height":0,"ocean_custom_logo_tablet_max_height":0,"ocean_custom_logo_mobile_max_height":0,"ocean_header_custom_menu":"","ocean_menu_typo_font_family":"","ocean_menu_typo_font_subset":"","ocean_menu_typo_font_size":0,"ocean_menu_typo_font_size_tablet":0,"ocean_menu_typo_font_size_mobile":0,"ocean_menu_typo_font_size_unit":"px","ocean_menu_typo_font_weight":"","ocean_menu_typo_font_weight_tablet":"","ocean_menu_typo_font_weight_mobile":"","ocean_menu_typo_transform":"","ocean_menu_typo_transform_tablet":"","ocean_menu_typo_transform_mobile":"","ocean_menu_typo_line_height":0,"ocean_menu_typo_line_height_tablet":0,"ocean_menu_typo_line_height_mobile":0,"ocean_menu_typo_line_height_unit":"","ocean_menu_typo_spacing":0,"ocean_menu_typo_spacing_tablet":0,"ocean_menu_typo_spacing_mobile":0,"ocean_menu_typo_spacing_unit":"","ocean_menu_link_color":"","ocean_menu_link_color_hover":"","ocean_menu_link_color_active":"","ocean_menu_link_background":"","ocean_menu_link_hover_background":"","ocean_menu_link_active_background":"","ocean_menu_social_links_bg":"","ocean_menu_social_hover_links_bg":"","ocean_menu_social_links_color":"","ocean_menu_social_hover_links_color":"","ocean_disable_title":"default","ocean_disable_heading":"default","ocean_post_title":"","ocean_post_subheading":"","ocean_post_title_style":"","ocean_post_title_background_color":"","ocean_post_title_background":0,"ocean_post_title_bg_image_position":"","ocean_post_title_bg_image_attachment":"","ocean_post_title_bg_image_repeat":"","ocean_post_title_bg_image_size":"","ocean_post_title_height":0,"ocean_post_title_bg_overlay":0.5,"ocean_post_title_bg_overlay_color":"","ocean_disable_breadcrumbs":"default","ocean_breadcrumbs_color":"","ocean_breadcrumbs_separator_color":"","ocean_breadcrumbs_links_color":"","ocean_breadcrumbs_links_hover_color":"","ocean_display_footer_widgets":"default","ocean_display_footer_bottom":"default","ocean_custom_footer_template":"","footnotes":""},"class_list":["post-97","page","type-page","status-publish","hentry","entry"],"_links":{"self":[{"href":"https:\/\/fundacjablogoslawionanatalia.eu\/index.php?rest_route=\/wp\/v2\/pages\/97","targetHints":{"allow":["GET"]}}],"collection":[{"href":"https:\/\/fundacjablogoslawionanatalia.eu\/index.php?rest_route=\/wp\/v2\/pages"}],"about":[{"href":"https:\/\/fundacjablogoslawionanatalia.eu\/index.php?rest_route=\/wp\/v2\/types\/page"}],"author":[{"embeddable":true,"href":"https:\/\/fundacjablogoslawionanatalia.eu\/index.php?rest_route=\/wp\/v2\/users\/1"}],"replies":[{"embeddable":true,"href":"https:\/\/fundacjablogoslawionanatalia.eu\/index.php?rest_route=%2Fwp%2Fv2%2Fcomments&post=97"}],"version-history":[{"count":83,"href":"https:\/\/fundacjablogoslawionanatalia.eu\/index.php?rest_route=\/wp\/v2\/pages\/97\/revisions"}],"predecessor-version":[{"id":1560,"href":"https:\/\/fundacjablogoslawionanatalia.eu\/index.php?rest_route=\/wp\/v2\/pages\/97\/revisions\/1560"}],"wp:attachment":[{"href":"https:\/\/fundacjablogoslawionanatalia.eu\/index.php?rest_route=%2Fwp%2Fv2%2Fmedia&parent=97"}],"curies":[{"name":"wp","href":"https:\/\/api.w.org\/{rel}","templated":true}]}}